{"id":826,"date":"2019-08-08T11:08:50","date_gmt":"2019-08-08T11:08:50","guid":{"rendered":"https:\/\/quintadocruzeiro.com\/quintadocruzeiro\/?page_id=826"},"modified":"2019-09-06T15:30:00","modified_gmt":"2019-09-06T15:30:00","slug":"politica-de-privacidade","status":"publish","type":"page","link":"https:\/\/quintadocruzeiro.com\/es\/politica-de-privacidade\/","title":{"rendered":"Pol\u00edtica de privacidade"},"content":{"rendered":"Os dados pessoais recolhidos neste formul\u00e1rio s\u00e3o tratados apenas tendo em vista o seu pedido de contato, e em conformidade com o novo Regulamento (EU) 2016\/679 de Prote\u00e7\u00e3o de Dados\r\n<h3><\/h3>\r\n<h3>Cookies<\/h3>\r\n<table>\r\n<tbody>\r\n<tr>\r\n<th>ID. Cookie<\/th>\r\n<th>Armazenamento<\/th>\r\n<th>Per\u00edodo de reten\u00e7\u00e3o<\/th>\r\n<th>Finalidade<\/th>\r\n<\/tr>\r\n<tr>\r\n<td>COOKIECONSENT<\/td>\r\n<td>COOKIE<\/td>\r\n<td>1 ano<\/td>\r\n<td>Guardar prefer\u00eancias de cookies<\/td>\r\n<\/tr>\r\n<tr>\r\n<td>wpml_browser_redirect_test<\/td>\r\n<td>COOKIE<\/td>\r\n<td>Sess\u00e3o<\/td>\r\n<td>Verifica se o browser suporta cookies<\/td>\r\n<\/tr>\r\n<tr>\r\n<td>_icl_current_language<\/td>\r\n<td>COOKIE<\/td>\r\n<td>24 horas<\/td>\r\n<td>Armazena o idioma atual<\/td>\r\n<\/tr>\r\n<tr>\r\n<td>_icl_visitor_lang_js<\/td>\r\n<td>COOKIE<\/td>\r\n<td>24 horas<\/td>\r\n<td>Guarda a prefer\u00eancia de linguagem do browser<\/td>\r\n<\/tr>\r\n<tr>\r\n<td>_GA<\/td>\r\n<td>COOKIE<\/td>\r\n<td>2 anos<\/td>\r\n<td>Usado para distinguir utilizadores<\/td>\r\n<\/tr>\r\n<tr>\r\n<td>_GID<\/td>\r\n<td>COOKIE<\/td>\r\n<td>24 horas<\/td>\r\n<td>Usado para distinguir utilizadores<\/td>\r\n<\/tr>\r\n<tr>\r\n<td>_GAT<\/td>\r\n<td>COOKIE<\/td>\r\n<td>1 minuto<\/td>\r\n<td>Usado para controlar a taxa de solicita\u00e7\u00e3o<\/td>\r\n<\/tr>\r\n<\/tbody>\r\n<\/table>\r\n&nbsp;\r\n\r\n&nbsp;\r\n\r\n<!-- \/wp:post-content -->","protected":false},"excerpt":{"rendered":"<p>Os dados pessoais recolhidos neste formul\u00e1rio s\u00e3o tratados apenas tendo em vista o seu pedido de contato, e em conformidade com o novo Regulamento (EU) [&hellip;]<\/p>\n","protected":false},"author":1,"featured_media":0,"parent":0,"menu_order":0,"comment_status":"closed","ping_status":"closed","template":"template-politica.php","meta":{"footnotes":""},"class_list":["post-826","page","type-page","status-publish","hentry"],"_links":{"self":[{"href":"https:\/\/quintadocruzeiro.com\/es\/wp-json\/wp\/v2\/pages\/826","targetHints":{"allow":["GET"]}}],"collection":[{"href":"https:\/\/quintadocruzeiro.com\/es\/wp-json\/wp\/v2\/pages"}],"about":[{"href":"https:\/\/quintadocruzeiro.com\/es\/wp-json\/wp\/v2\/types\/page"}],"author":[{"embeddable":true,"href":"https:\/\/quintadocruzeiro.com\/es\/wp-json\/wp\/v2\/users\/1"}],"replies":[{"embeddable":true,"href":"https:\/\/quintadocruzeiro.com\/es\/wp-json\/wp\/v2\/comments?post=826"}],"version-history":[{"count":5,"href":"https:\/\/quintadocruzeiro.com\/es\/wp-json\/wp\/v2\/pages\/826\/revisions"}],"predecessor-version":[{"id":920,"href":"https:\/\/quintadocruzeiro.com\/es\/wp-json\/wp\/v2\/pages\/826\/revisions\/920"}],"wp:attachment":[{"href":"https:\/\/quintadocruzeiro.com\/es\/wp-json\/wp\/v2\/media?parent=826"}],"curies":[{"name":"wp","href":"https:\/\/api.w.org\/{rel}","templated":true}]}}