{"id":818,"date":"2019-08-08T13:41:45","date_gmt":"2019-08-08T13:41:45","guid":{"rendered":"https:\/\/quintadocruzeiro.com\/quintadocruzeiro\/apresentacao\/"},"modified":"2019-09-12T10:46:46","modified_gmt":"2019-09-12T10:46:46","slug":"apresentacao","status":"publish","type":"page","link":"https:\/\/quintadocruzeiro.com\/es\/apresentacao\/","title":{"rendered":"Presentaci\u00f3n"},"content":{"rendered":"<p>Enmarcada en plena armon\u00eda con la naturaleza, la Quinta do Cruzeiro, situada en el municipio de Caminha, en pleno espacio rural y a 2 km del mar, combina lo r\u00fastico con suaves pinceladas de modernidad, y pone a su disposici\u00f3n el espacio ideal para la celebraci\u00f3n de diversos tipos de eventos, haci\u00e9ndolos inolvidables.<\/p>\n<p>La Quinta do Cruzeiro <strong>posee armoniosas zonas ajardinadas, piscina, parques infantiles, aire acondicionado, sistema de sonido distribuido, videovigilancia y aparcamiento iluminado (600 veh\u00edculos)<\/strong>. D\u00e9jese deslumbrar por el encanto de este espacio, en el que tradici\u00f3n, rigor y alta calidad se al\u00edan para satisfacer los m\u00e1s elevados niveles de \u00e9xito en cada evento. Estaremos encantados de acompa\u00f1arle en una visita por nuestro espacio.<\/p>\n<p>Creamos ideas, hacemos sue\u00f1os realidad\u2026<\/p>\n","protected":false},"excerpt":{"rendered":"<p>Enmarcada en plena armon\u00eda con la naturaleza, la Quinta do Cruzeiro, situada en el municipio de Caminha, en pleno espacio rural y a 2 km [&hellip;]<\/p>\n","protected":false},"author":1,"featured_media":0,"parent":0,"menu_order":0,"comment_status":"closed","ping_status":"closed","template":"template-apresentacao.php","meta":{"footnotes":""},"class_list":["post-818","page","type-page","status-publish","hentry"],"_links":{"self":[{"href":"https:\/\/quintadocruzeiro.com\/es\/wp-json\/wp\/v2\/pages\/818","targetHints":{"allow":["GET"]}}],"collection":[{"href":"https:\/\/quintadocruzeiro.com\/es\/wp-json\/wp\/v2\/pages"}],"about":[{"href":"https:\/\/quintadocruzeiro.com\/es\/wp-json\/wp\/v2\/types\/page"}],"author":[{"embeddable":true,"href":"https:\/\/quintadocruzeiro.com\/es\/wp-json\/wp\/v2\/users\/1"}],"replies":[{"embeddable":true,"href":"https:\/\/quintadocruzeiro.com\/es\/wp-json\/wp\/v2\/comments?post=818"}],"version-history":[{"count":1,"href":"https:\/\/quintadocruzeiro.com\/es\/wp-json\/wp\/v2\/pages\/818\/revisions"}],"predecessor-version":[{"id":820,"href":"https:\/\/quintadocruzeiro.com\/es\/wp-json\/wp\/v2\/pages\/818\/revisions\/820"}],"wp:attachment":[{"href":"https:\/\/quintadocruzeiro.com\/es\/wp-json\/wp\/v2\/media?parent=818"}],"curies":[{"name":"wp","href":"https:\/\/api.w.org\/{rel}","templated":true}]}}